{"id":240,"date":"2021-02-05T21:50:22","date_gmt":"2021-02-05T21:50:22","guid":{"rendered":"https:\/\/www.angstkvlt.org\/?page_id=240"},"modified":"2022-01-12T10:17:24","modified_gmt":"2022-01-12T10:17:24","slug":"welcome","status":"publish","type":"page","link":"https:\/\/www.angstkvlt.org\/de\/welcome","title":{"rendered":"Willkommen"},"content":{"rendered":"\n<h3 class=\"wp-block-heading\">&#8222;Iconoclast&#8220; &#8211; neue Single am 22. Januar<\/h3>\n\n\n\n<p>Verehrte KVLTISTEN! Die Zeit f\u00fcr eine neue Single ist gekommen. Zerst\u00f6rt die Ikonen, die euch unterdr\u00fccken. Erlange Freiheit durch den KVLT!<\/p>\n\n\n\n<p>Die Single wird am 22. Januar ver\u00f6ffentlicht. Aufgenommen von KVLTIST H. und KVLTIST B., gemixt und gemastert im Sick Of Sound Studio von Michael Kraxenberger.<\/p>\n\n\n\n<p>Im neuen Song ICONOCLAST tauchen wir tief ein in den verr\u00fcckten Geist eines Iconoclasten. Es ist eine historische Reise und eine Parabel von der Gegenwart. Aber vor allem ist es ein epischer Heavy Rock Song, tief verankert im ANGSTKVLT Wahnsinn.<\/p>\n\n\n\n<div class=\"wp-block-image\"><figure class=\"aligncenter size-medium\"><img loading=\"lazy\" decoding=\"async\" width=\"300\" height=\"300\" src=\"https:\/\/www.angstkvlt.org\/wp-content\/uploads\/2022\/01\/WhatsApp-Image-2021-12-04-at-19.04.10-1-300x300.jpeg\" alt=\"\" class=\"wp-image-500\" srcset=\"https:\/\/www.angstkvlt.org\/wp-content\/uploads\/2022\/01\/WhatsApp-Image-2021-12-04-at-19.04.10-1-300x300.jpeg 300w, https:\/\/www.angstkvlt.org\/wp-content\/uploads\/2022\/01\/WhatsApp-Image-2021-12-04-at-19.04.10-1-1024x1024.jpeg 1024w, https:\/\/www.angstkvlt.org\/wp-content\/uploads\/2022\/01\/WhatsApp-Image-2021-12-04-at-19.04.10-1-150x150.jpeg 150w, https:\/\/www.angstkvlt.org\/wp-content\/uploads\/2022\/01\/WhatsApp-Image-2021-12-04-at-19.04.10-1-768x768.jpeg 768w, https:\/\/www.angstkvlt.org\/wp-content\/uploads\/2022\/01\/WhatsApp-Image-2021-12-04-at-19.04.10-1.jpeg 1210w\" sizes=\"auto, (max-width: 300px) 100vw, 300px\" \/><figcaption><em>Das Artwork der neuen Single<\/em><\/figcaption><\/figure><\/div>\n\n\n\n<p>F\u00fcr ANGSTKVLT ist ICONOCLAST der erste Schritt in Richtung eines neuen Albums. Der Stil von der Debut-EP &#8222;FOLLOW AND OBEY&#8220; findet im neuen Song eine Fortsetzung. Gleichzeitig entwickelt sich der von vielen Kritikern gelobte Sound von ANGSTKVLT weiter. Die typischen Ch\u00f6re werden mit Gitarren von Black Metal bis Rock verwoben und schlagen die Br\u00fccke vom 1970er Kraut Rock bis in den gegenw\u00e4rtigen Heavy Metal.<\/p>\n\n\n\n<p>Die Single ist auf allen g\u00e4ngigen Streaming Plattformen h\u00f6rbar. Wer den KVLT direkt unterst\u00fctzen m\u00f6chte, kann ICONOCLAST auf Bandcamp kaufen und bekommt eine lossless File.<\/p>\n\n\n\n<p>ENJOY! JOIN TKE KVLT<\/p>\n\n\n\n<h3 class=\"wp-block-heading\" id=\"top\">ANGSTKVLT &#8211; &#8222;Follow and Obey&#8220;<\/h3>\n\n\n\n<p id=\"block-a07cd4e9-d339-409a-925b-e8bb69a21c0a\"><em>Die Welt ist am Ende. Es ist Zeit f\u00fcr einen neuen Glauben. Es ist Zeit f\u00fcr den ANGSTKVLT!<\/em><\/p>\n\n\n\n<p><em><em>\u201c<\/em>Wenn das Jahr 2020 ein Album w\u00e4re, w\u00e4re es <em>\u2019Follow and Obey\u2019.\u201d \u2013 M. Kraxenberger, Sick of Sound Studios.<\/em><\/em><\/p>\n\n\n\n<p><em><em><em><em>\u201c<\/em>Dichte musikalische Stimmung, in dieser Form und Art noch selten erlebt<em>.\u201d \u2013 <a href=\"http:\/\/powermetal.de\/review\/review-Angstkvlt\/Follow_And_Obey,37839.html\" target=\"_blank\" rel=\"noreferrer noopener\">9\/10 Punkten von R\u00fcdiger Stehle bei Powermetal.de<\/a>.<\/em><\/em><\/em><\/em><\/p>\n\n\n\n<p><em><em>\u201cF\u00fcr mich bisher die Entdeckung des noch recht jungen Jahres.\u201d \u2013 <a href=\"http:\/\/powermetal.de\/content\/artikel\/show-Gruppentherapie__ANGSTKVLT_-_Follow_And_Obey,10035-1.html\" target=\"_blank\" rel=\"noreferrer noopener\">9\/10 Punkten von Stephan Voigtl\u00e4nder bei Powermetal.de<\/a>.<\/em><\/em><\/p>\n\n\n\n<p><em><em>\u201cDie f\u00fcnf Songs auf dieser wundervollen EP bieten eine herrlich farbenfrohe Stilistik-Palette.\u201d \u2013 <a href=\"http:\/\/powermetal.de\/content\/artikel\/show-Gruppentherapie__ANGSTKVLT_-_Follow_And_Obey,10035-1.html\" target=\"_blank\" rel=\"noreferrer noopener\">8,5\/10 Punkten von Holger Andrae bei Powermetal.de<\/a>.<\/em><\/em><\/p>\n\n\n\n<figure class=\"wp-block-image\" id=\"block-f91054ee-116b-4c36-aa3e-9964dcf235a7\"><img decoding=\"async\" src=\"https:\/\/www.angstkvlt.org\/wp-content\/uploads\/2021\/02\/WhatsApp-Image-2021-02-15-at-15.48.58.jpeg\" alt=\"Dieses Bild hat ein leeres Alt-Attribut. Der Dateiname ist WhatsApp-Image-2021-02-15-at-15.48.58.jpeg\"\/><\/figure>\n\n\n\n<h3 class=\"wp-block-heading\" id=\"block-d28fc8d2-69bd-4f42-b7ab-10b0e1da8521\">Tracks<\/h3>\n\n\n\n<p><audio src=\"https:\/\/www.angstkvlt.org\/wp-content\/uploads\/2021\/01\/KVLTofFear.mp3\"><\/audio><\/p>\n\n\n\n<figure class=\"wp-block-embed is-type-video is-provider-youtube wp-block-embed-youtube wp-embed-aspect-16-9 wp-has-aspect-ratio\"><div class=\"wp-block-embed__wrapper\">\n<iframe loading=\"lazy\" title=\"ANGSTKVLT - KVLT of Fear (Digital Single)\" width=\"525\" height=\"295\" src=\"https:\/\/www.youtube.com\/embed\/yAgq9fIhv9o?feature=oembed\" frameborder=\"0\" allow=\"accelerometer; autoplay; clipboard-write; encrypted-media; gyroscope; picture-in-picture; web-share\" referrerpolicy=\"strict-origin-when-cross-origin\" allowfullscreen><\/iframe>\n<\/div><\/figure>\n\n\n\n<p id=\"block-235c1eb6-57ae-4590-b759-d7d085ed9aea\">Follow and Obey erschien am 12. M\u00e4rz 2021. Die Aufnahmen erfolgten im Jahr 2020.<\/p>\n\n\n\n<p id=\"block-a1d1cebc-8cf4-4697-bc0e-df1dc0b144e4\">Sichere dir jetzt die auf 100 St\u00fcck limitierte Holzedition!<\/p>\n\n\n\n<p id=\"block-73210893-fd8c-4520-8451-6944d650aff3\"><a href=\"#top\">nach oben<\/a><\/p>\n\n\n\n<h3 class=\"wp-block-heading\" id=\"block-4d01022e-77e8-491a-8c87-74f431f56e1e\">Information<\/h3>\n\n\n\n<p id=\"block-160b8860-c2e4-43a9-9f98-2c8d0059401f\">KVLTIST H. und KVLTIST B. \u2013 verbunden durch eine zwanzigj\u00e4hrige Freundschaft \u2013 begannen 2019, Musik zu schreiben. Nach ersten Proben entstand die Idee des ANGSTKVLTs.<\/p>\n\n\n\n<p id=\"block-4aa9bf06-329c-4f30-b271-b9314ac08b72\">Als Ausgangspunkt diente die gemeinsame Liebe zum Black Metal &#8211; aber sie lie\u00dfen sich nie von den Grenzen dieses Genres aufhalten. Nach einigen Monaten hatten sie genug Material f\u00fcr ein eigenproduziertes Demo.<\/p>\n\n\n\n<p id=\"block-a7123bf3-31ed-4333-8305-16fda36e877e\">Der ANGSTKVLT erhob sich.<\/p>\n\n\n\n<p id=\"block-81082f9f-2d9e-4269-a493-4f332338b380\">Die Entscheidung war klar: Die Hymnen des KVLTES schrieen nach Professionalisierung. Deshalb tat sich der ANGSTKVLT mit Michael Kraxenberger und dem Sick of Sound Studio im Mai 2020 zusammen, direkt nach Ende des ersten deutschen Corona-Lockdowns. Sie nahmen f\u00fcnf KVLT-Psalme auf und begannen die Arbeiten an einer speziellen Ver\u00f6ffentlichung.<\/p>\n\n\n\n<p>Das Ergebnis ist ein sechsseitiges Digipack, das in einem handgemachten Schuber aus fr\u00e4nkischem Holz verpackt ist. Diese Auflage ist auf <strong>100 St\u00fcck<\/strong> limitiert &#8211; jede Nummer ist auf der R\u00fcckseite des Schubers mit Laser eingraviert und macht jedes Teil zu einem Einzelst\u00fcck. Das Mini-Album <strong>\u201cFollow and Obey\u201d<\/strong> beinhaltet f\u00fcnf St\u00fccke mit insgesamt 25 Minuten Spielzeit.<\/p>\n\n\n\n<p id=\"block-96f16842-d67b-45ba-9550-b28aaea9d430\">Das Erscheinungsdatum ist der  <strong>12. M\u00e4rz 2021<\/strong>.<\/p>\n\n\n\n<figure class=\"wp-block-gallery columns-2 is-cropped wp-block-gallery-1 is-layout-flex wp-block-gallery-is-layout-flex\"><ul class=\"blocks-gallery-grid\"><li class=\"blocks-gallery-item\"><figure><img loading=\"lazy\" decoding=\"async\" width=\"1024\" height=\"1024\" src=\"https:\/\/www.angstkvlt.org\/wp-content\/uploads\/2021\/01\/michael-1024x1024.png\" alt=\"\" data-id=\"194\" data-full-url=\"https:\/\/www.angstkvlt.org\/wp-content\/uploads\/2021\/01\/michael.png\" data-link=\"https:\/\/www.angstkvlt.org\/michael\/\" class=\"wp-image-194\" srcset=\"https:\/\/www.angstkvlt.org\/wp-content\/uploads\/2021\/01\/michael-1024x1024.png 1024w, https:\/\/www.angstkvlt.org\/wp-content\/uploads\/2021\/01\/michael-300x300.png 300w, https:\/\/www.angstkvlt.org\/wp-content\/uploads\/2021\/01\/michael-150x150.png 150w, https:\/\/www.angstkvlt.org\/wp-content\/uploads\/2021\/01\/michael-768x768.png 768w, https:\/\/www.angstkvlt.org\/wp-content\/uploads\/2021\/01\/michael-1536x1536.png 1536w, https:\/\/www.angstkvlt.org\/wp-content\/uploads\/2021\/01\/michael-640x640.png 640w, https:\/\/www.angstkvlt.org\/wp-content\/uploads\/2021\/01\/michael-180x180.png 180w, https:\/\/www.angstkvlt.org\/wp-content\/uploads\/2021\/01\/michael.png 1900w\" sizes=\"auto, (max-width: 1024px) 100vw, 1024px\" \/><figcaption class=\"blocks-gallery-item__caption\">KVLTIST H.<\/figcaption><\/figure><\/li><li class=\"blocks-gallery-item\"><figure><img loading=\"lazy\" decoding=\"async\" width=\"1024\" height=\"1024\" src=\"https:\/\/www.angstkvlt.org\/wp-content\/uploads\/2021\/01\/julian-1024x1024.png\" alt=\"\" data-id=\"193\" data-full-url=\"https:\/\/www.angstkvlt.org\/wp-content\/uploads\/2021\/01\/julian.png\" data-link=\"https:\/\/www.angstkvlt.org\/julian\/\" class=\"wp-image-193\" srcset=\"https:\/\/www.angstkvlt.org\/wp-content\/uploads\/2021\/01\/julian-1024x1024.png 1024w, https:\/\/www.angstkvlt.org\/wp-content\/uploads\/2021\/01\/julian-300x300.png 300w, https:\/\/www.angstkvlt.org\/wp-content\/uploads\/2021\/01\/julian-150x150.png 150w, https:\/\/www.angstkvlt.org\/wp-content\/uploads\/2021\/01\/julian-768x768.png 768w, https:\/\/www.angstkvlt.org\/wp-content\/uploads\/2021\/01\/julian-1536x1536.png 1536w, https:\/\/www.angstkvlt.org\/wp-content\/uploads\/2021\/01\/julian-640x640.png 640w, https:\/\/www.angstkvlt.org\/wp-content\/uploads\/2021\/01\/julian-180x180.png 180w, https:\/\/www.angstkvlt.org\/wp-content\/uploads\/2021\/01\/julian.png 1900w\" sizes=\"auto, (max-width: 1024px) 100vw, 1024px\" \/><figcaption class=\"blocks-gallery-item__caption\">KVLTIST B.<\/figcaption><\/figure><\/li><\/ul><figcaption class=\"blocks-gallery-caption\">Der ANGSTKVLT<\/figcaption><\/figure>\n\n\n\n<h4 class=\"wp-block-heading\" id=\"block-6fedee43-a2b9-4dbe-aa3b-5084ddfb5cb7\">Bestellinformationen<\/h4>\n\n\n\n<p id=\"block-53249b11-3d88-4365-b48b-87a8934b7d02\"><strong>Du kannst die limitierte Auflage direkt bei der Band (info@angstkvlt.org) bestellen<\/strong> oder bei Bandcamp. Dort gibt es auch eine digitale Edition. Diese findest Du auch auf allen relevanten Streaming-Plattformen.<\/p>\n\n\n\n<p id=\"block-78e9a5ff-ae01-4d26-9c67-399f8c3f96cc\">Der Preis betr\u00e4gt 15 \u20ac plus Versandkosten. In Deutschland betragen die Versandkosten 3 \u20ac, in der EU 5 \u20ac. Weitere Ziele auf Anfrage.<\/p>\n\n\n\n<h4 class=\"wp-block-heading\" id=\"block-e6180a95-3b50-45d8-9ad7-5229c6ebb5a0\">Links<\/h4>\n\n\n\n<p><a href=\"https:\/\/www.instagram.com\/angstkvlt\/\">https:\/\/www.instagram.com\/angstkvlt\/<\/a><\/p>\n\n\n\n<p><a href=\"https:\/\/www.facebook.com\/angstkvlt\/\">https:\/\/www.facebook.com\/angstkvlt\/<\/a><\/p>\n\n\n\n<p><a href=\"https:\/\/angstkvlt.bandcamp.com\/\">https:\/\/angstkvlt.bandcamp.com\/<\/a><\/p>\n\n\n\n<p><a href=\"https:\/\/www.youtube.com\/channel\/UCRT4CxKnxj5wRRtqYgZyqgw\">https:\/\/www.youtube.com\/channel\/UCRT4CxKnxj5wRRtqYgZyqgw<\/a><\/p>\n\n\n\n<p id=\"block-73210893-fd8c-4520-8451-6944d650aff3\"><a href=\"#top\">nach oben<\/a><\/p>\n\n\n\n<h3 class=\"wp-block-heading\" id=\"block-4a91b533-0459-4915-aed3-ff21f8dd0a72\">Verpackung<\/h3>\n\n\n\n<figure class=\"wp-block-image size-large is-resized\"><img loading=\"lazy\" decoding=\"async\" src=\"https:\/\/www.angstkvlt.org\/wp-content\/uploads\/2021\/02\/cover-wood-2584x2584-1-1024x1024.jpg\" alt=\"wooden cover\" class=\"wp-image-274\" width=\"441\" height=\"441\" srcset=\"https:\/\/www.angstkvlt.org\/wp-content\/uploads\/2021\/02\/cover-wood-2584x2584-1-1024x1024.jpg 1024w, https:\/\/www.angstkvlt.org\/wp-content\/uploads\/2021\/02\/cover-wood-2584x2584-1-300x300.jpg 300w, https:\/\/www.angstkvlt.org\/wp-content\/uploads\/2021\/02\/cover-wood-2584x2584-1-150x150.jpg 150w, https:\/\/www.angstkvlt.org\/wp-content\/uploads\/2021\/02\/cover-wood-2584x2584-1-768x768.jpg 768w, https:\/\/www.angstkvlt.org\/wp-content\/uploads\/2021\/02\/cover-wood-2584x2584-1-1536x1536.jpg 1536w, https:\/\/www.angstkvlt.org\/wp-content\/uploads\/2021\/02\/cover-wood-2584x2584-1-2048x2048.jpg 2048w\" sizes=\"auto, (max-width: 441px) 100vw, 441px\" \/><figcaption>Holzcover<\/figcaption><\/figure>\n\n\n\n<figure class=\"wp-block-image size-large is-resized\"><img loading=\"lazy\" decoding=\"async\" src=\"https:\/\/www.angstkvlt.org\/wp-content\/uploads\/2021\/02\/backcover-wood-2354x2354-1-1024x1024.jpg\" alt=\"\" class=\"wp-image-275\" width=\"444\" height=\"444\" srcset=\"https:\/\/www.angstkvlt.org\/wp-content\/uploads\/2021\/02\/backcover-wood-2354x2354-1-1024x1024.jpg 1024w, https:\/\/www.angstkvlt.org\/wp-content\/uploads\/2021\/02\/backcover-wood-2354x2354-1-300x300.jpg 300w, https:\/\/www.angstkvlt.org\/wp-content\/uploads\/2021\/02\/backcover-wood-2354x2354-1-150x150.jpg 150w, https:\/\/www.angstkvlt.org\/wp-content\/uploads\/2021\/02\/backcover-wood-2354x2354-1-768x768.jpg 768w, https:\/\/www.angstkvlt.org\/wp-content\/uploads\/2021\/02\/backcover-wood-2354x2354-1-1536x1536.jpg 1536w, https:\/\/www.angstkvlt.org\/wp-content\/uploads\/2021\/02\/backcover-wood-2354x2354-1-2048x2048.jpg 2048w\" sizes=\"auto, (max-width: 444px) 100vw, 444px\" \/><figcaption>Backcover Holzschuber<\/figcaption><\/figure>\n\n\n\n<figure class=\"wp-block-image size-large is-resized\"><img loading=\"lazy\" decoding=\"async\" src=\"https:\/\/www.angstkvlt.org\/wp-content\/uploads\/2021\/02\/wooden-digipack-1024x1022.jpg\" alt=\"\" class=\"wp-image-279\" width=\"448\" height=\"447\" srcset=\"https:\/\/www.angstkvlt.org\/wp-content\/uploads\/2021\/02\/wooden-digipack-1024x1022.jpg 1024w, https:\/\/www.angstkvlt.org\/wp-content\/uploads\/2021\/02\/wooden-digipack-300x300.jpg 300w, https:\/\/www.angstkvlt.org\/wp-content\/uploads\/2021\/02\/wooden-digipack-150x150.jpg 150w, https:\/\/www.angstkvlt.org\/wp-content\/uploads\/2021\/02\/wooden-digipack-768x767.jpg 768w, https:\/\/www.angstkvlt.org\/wp-content\/uploads\/2021\/02\/wooden-digipack-1536x1534.jpg 1536w, https:\/\/www.angstkvlt.org\/wp-content\/uploads\/2021\/02\/wooden-digipack-2048x2045.jpg 2048w\" sizes=\"auto, (max-width: 448px) 100vw, 448px\" \/><figcaption>Holzschuber mit Digipack<\/figcaption><\/figure>\n","protected":false},"excerpt":{"rendered":"<p>&#8222;Iconoclast&#8220; &#8211; neue Single am 22. Januar Verehrte KVLTISTEN! Die Zeit f\u00fcr eine neue Single ist gekommen. Zerst\u00f6rt die Ikonen, die euch unterdr\u00fccken. Erlange Freiheit [&hellip;]<\/p>\n","protected":false},"author":3,"featured_media":0,"parent":0,"menu_order":0,"comment_status":"closed","ping_status":"closed","template":"","meta":{"footnotes":""},"class_list":["post-240","page","type-page","status-publish","hentry"],"translation":{"provider":"WPGlobus","version":"3.0.0","language":"de","enabled_languages":["en","de"],"languages":{"en":{"title":true,"content":true,"excerpt":false},"de":{"title":true,"content":true,"excerpt":false}}},"_links":{"self":[{"href":"https:\/\/www.angstkvlt.org\/de\/wp-json\/wp\/v2\/pages\/240","targetHints":{"allow":["GET"]}}],"collection":[{"href":"https:\/\/www.angstkvlt.org\/de\/wp-json\/wp\/v2\/pages"}],"about":[{"href":"https:\/\/www.angstkvlt.org\/de\/wp-json\/wp\/v2\/types\/page"}],"author":[{"embeddable":true,"href":"https:\/\/www.angstkvlt.org\/de\/wp-json\/wp\/v2\/users\/3"}],"replies":[{"embeddable":true,"href":"https:\/\/www.angstkvlt.org\/de\/wp-json\/wp\/v2\/comments?post=240"}],"version-history":[{"count":23,"href":"https:\/\/www.angstkvlt.org\/de\/wp-json\/wp\/v2\/pages\/240\/revisions"}],"predecessor-version":[{"id":501,"href":"https:\/\/www.angstkvlt.org\/de\/wp-json\/wp\/v2\/pages\/240\/revisions\/501"}],"wp:attachment":[{"href":"https:\/\/www.angstkvlt.org\/de\/wp-json\/wp\/v2\/media?parent=240"}],"curies":[{"name":"wp","href":"https:\/\/api.w.org\/{rel}","templated":true}]}}