{"id":386,"date":"2021-03-22T19:56:13","date_gmt":"2021-03-22T19:56:13","guid":{"rendered":"https:\/\/www.angstkvlt.org\/?page_id=386"},"modified":"2021-04-29T16:54:22","modified_gmt":"2021-04-29T16:54:22","slug":"merch","status":"publish","type":"page","link":"https:\/\/www.angstkvlt.org\/de\/merch","title":{"rendered":"Merchandise"},"content":{"rendered":"\n<h2 class=\"wp-block-heading\">Merchandise<\/h2>\n\n\n\n<p>Ihr k\u00f6nnt KVLTISTEN-Kleidung vorbestellen.<\/p>\n\n\n\n<p>Diese Aktion l\u00e4uft bis zum 28. April. <\/p>\n\n\n\n<p>Wir gehen aktuell von einer Auslieferung Mitte Mai aus. Wir halten Euch da auf dem Laufenden.<\/p>\n\n\n\n<p>Bis dahin sucht Euch doch Eure Favoriten aus und schreibt uns eine MAIL mit der BESTELLUNG an info@angstkvlt.org.<\/p>\n\n\n\n<p>Jedes Shirt kostet 15 \u20ac. Dazu kommt noch der jeweilige Versandkostenanteil abh\u00e4ngig vom Ziel der Sendung. Weiter unten findet ihr attraktive Packages.<\/p>\n\n\n\n<p><\/p>\n\n\n\n<h3 class=\"wp-block-heading\">The Dark<\/h3>\n\n\n\n<figure class=\"wp-block-image size-large\"><img loading=\"lazy\" decoding=\"async\" width=\"749\" height=\"457\" src=\"https:\/\/www.angstkvlt.org\/wp-content\/uploads\/2021\/03\/thedark.png\" alt=\"\" class=\"wp-image-397\" srcset=\"https:\/\/www.angstkvlt.org\/wp-content\/uploads\/2021\/03\/thedark.png 749w, https:\/\/www.angstkvlt.org\/wp-content\/uploads\/2021\/03\/thedark-300x183.png 300w\" sizes=\"auto, (max-width: 749px) 100vw, 749px\" \/><\/figure>\n\n\n\n<p>Der Klassiker: Wei\u00dfer Druck auf schwarzer Wolle. Erh\u00e4ltlich in den Gr\u00f6\u00dfen S bis 5XL.<\/p>\n\n\n\n<p>Der Klassiker: Schwarze Baumwolle, wei\u00dfer Aufdruck. Die gleiche Optik: Sigel vorne, &#8222;Join the KVLT!&#8220; hinten.<\/p>\n\n\n\n<p>Verf\u00fcgbare Gr\u00f6\u00dfen sind S bis 5 XL.<\/p>\n\n\n\n<h3 class=\"wp-block-heading\">Bundles<\/h3>\n\n\n\n<p>Es gibt mehrere Bunldes:<\/p>\n\n\n\n<p><strong>The young KVLTIST&#8217;s Guide to the KVLT<\/strong><\/p>\n\n\n\n<p>1 Shirt and die Digipackversion von &#8222;Follow and Obey&#8220; (nicht das limitierte Holzboxset). <\/p>\n\n\n\n<p>25 \u20ac inklusive Versand nach Deutschland<br>30 \u20ac inklusive Versand in der EU<\/p>\n\n\n\n<p><strong>The KVLTIST&#8217;s Apparel<\/strong><\/p>\n\n\n\n<p>Jede Kombination aus drei Shirts<\/p>\n\n\n\n<p>45 \u20ac inklusive Versand nach Deutschland<br>49 \u20ac inklusive Versand in der EU<\/p>\n\n\n\n<p><strong>The Advanced KVLTIST<\/strong><\/p>\n\n\n\n<p>Zwei Shirts Deiner Wahl und &#8222;Follow and Obey&#8220; als limitiertes Holzboxset.<\/p>\n\n\n\n<p>45 \u20ac inklusive Versand nach Deutschland<br>49 \u20ac inklusive Versand in der EU<\/p>\n\n\n\n<p>Bei Bedarf von f\u00fcnf oder mehr Shirts freuen wir uns \u00fcber Deine Anfrage.<\/p>\n\n\n\n<h3 class=\"wp-block-heading\">Bestellung<\/h3>\n\n\n\n<p>Jedes Shirt kostet 15 \u20ac. Dazu kommt noch der jeweilige Versandkostenanteil abh\u00e4ngig vom Ziel der Sendung.<\/p>\n\n\n\n<p>Folgende Versandkosten sind g\u00fcltig:<\/p>\n\n\n\n<p>Deutschland: 4 \u20ac f\u00fcr jede Bestellung von ein bis zwei Shirts unversichert. 7 \u20ac f\u00fcr jede versicherte Sendung mit mehr als drei Shirts.<\/p>\n\n\n\n<p>EU: Ein Shirt 5\u20ac, jede andere Menge 10 \u20ac.<\/p>\n\n\n\n<p>Au\u00dferhalb der EU bitte anfragen (z.B. 1 Shirt nach UK oder USA: 10 \u20ac)<\/p>\n\n\n\n<p>Eine Vorbestellung wird erst durch Vorauszahlung des Gesamtbetrages via Paypal oder Bank\u00fcberweisung verbindlich.<\/p>\n\n\n\n<p><em>Alle angegebenen Preise sind Endpreise zzgl. Liefer-\/Versandkosten. Aufgrund des Kleinunternehmerstatus gem. \u00a7 19 UStG erheben wir keine Umsatzsteuer und weisen diese daher auch nicht aus.<\/em><\/p>\n\n\n\n<h3 class=\"wp-block-heading\">Nimm Kontakt auf<\/h3>\n\n\n\n<div class=\"wp-block-contact-form-7-contact-form-selector\">\n<div class=\"wpcf7 no-js\" id=\"wpcf7-f439-o1\" lang=\"de-DE\" dir=\"ltr\" data-wpcf7-id=\"439\">\n<div class=\"screen-reader-response\"><p role=\"status\" aria-live=\"polite\" aria-atomic=\"true\"><\/p> <ul><\/ul><\/div>\n<form action=\"\/de\/wp-json\/wp\/v2\/pages\/386#wpcf7-f439-o1\" method=\"post\" class=\"wpcf7-form init\" aria-label=\"Kontaktformular\" novalidate=\"novalidate\" data-status=\"init\">\n<div style=\"display: none;\">\n<input type=\"hidden\" name=\"_wpcf7\" value=\"439\" \/>\n<input type=\"hidden\" name=\"_wpcf7_version\" value=\"6.0.1\" \/>\n<input type=\"hidden\" name=\"_wpcf7_locale\" value=\"de_DE\" \/>\n<input type=\"hidden\" name=\"_wpcf7_unit_tag\" value=\"wpcf7-f439-o1\" \/>\n<input type=\"hidden\" name=\"_wpcf7_container_post\" value=\"0\" \/>\n<input type=\"hidden\" name=\"_wpcf7_posted_data_hash\" value=\"\" \/>\n<\/div>\n<p><label> Dein Name<br \/>\n<span class=\"wpcf7-form-control-wrap\" data-name=\"your-name\"><input size=\"40\" maxlength=\"400\" class=\"wpcf7-form-control wpcf7-text wpcf7-validates-as-required\" aria-required=\"true\" aria-invalid=\"false\" value=\"\" type=\"text\" name=\"your-name\" \/><\/span> <\/label>\n<\/p>\n<p><label> Deine E-Mail-Adresse<br \/>\n<span class=\"wpcf7-form-control-wrap\" data-name=\"your-email\"><input size=\"40\" maxlength=\"400\" class=\"wpcf7-form-control wpcf7-email wpcf7-validates-as-required wpcf7-text wpcf7-validates-as-email\" aria-required=\"true\" aria-invalid=\"false\" value=\"\" type=\"email\" name=\"your-email\" \/><\/span> <\/label>\n<\/p>\n<p><label> Betreff<br \/>\n<span class=\"wpcf7-form-control-wrap\" data-name=\"your-subject\"><input size=\"40\" maxlength=\"400\" class=\"wpcf7-form-control wpcf7-text wpcf7-validates-as-required\" aria-required=\"true\" aria-invalid=\"false\" value=\"\" type=\"text\" name=\"your-subject\" \/><\/span> <\/label>\n<\/p>\n<p><label> Deine Nachricht (optional)<br \/>\n<span class=\"wpcf7-form-control-wrap\" data-name=\"your-message\"><textarea cols=\"40\" rows=\"10\" maxlength=\"2000\" class=\"wpcf7-form-control wpcf7-textarea\" aria-invalid=\"false\" name=\"your-message\"><\/textarea><\/span> <\/label><br \/>\n<span class=\"wpcf7-form-control-wrap kc_captcha\" data-name=\"kc_captcha\"><span class=\"wpcf7-form-control wpcf7-radio\"><span class=\"captcha-image\" ><span class=\"cf7ic_instructions\">Bitte beweise, dass du kein Spambot bist und w\u00e4hle das Symbol<span> Tasse<\/span>.<\/span><label><input aria-label=\"1\" type=\"radio\" name=\"kc_captcha\" value=\"bot\" \/><svg width=\"50\" height=\"50\" aria-hidden=\"true\" role=\"img\" xmlns=\"http:\/\/www.w3.org\/2000\/svg\" viewBox=\"0 0 576 512\"><path fill=\"currentColor\" d=\"M415 24c-53 0-103 42-127 65-24-23-74-65-127-65C70 24 16 77 16 166c0 72 67 133 69 135l187 181c9 8 23 8 32 0l187-180c2-3 69-64 69-136 0-89-54-142-145-142z\"\/><\/svg><\/label><label><input aria-label=\"2\" type=\"radio\" name=\"kc_captcha\" value=\"bot\" \/><svg width=\"50\" height=\"50\" aria-hidden=\"true\" role=\"img\" xmlns=\"http:\/\/www.w3.org\/2000\/svg\" viewBox=\"0 0 576 512\"><path fill=\"currentColor\" d=\"M488 313v143c0 13-11 24-24 24H348c-7 0-12-5-12-12V356c0-7-5-12-12-12h-72c-7 0-12 5-12 12v112c0 7-5 12-12 12H112c-13 0-24-11-24-24V313c0-4 2-7 4-10l188-154c5-4 11-4 16 0l188 154c2 3 4 6 4 10zm84-61l-84-69V44c0-6-5-12-12-12h-56c-7 0-12 6-12 12v73l-89-74a48 48 0 00-61 0L4 252c-5 4-5 12-1 17l25 31c5 5 12 5 17 1l235-193c5-4 11-4 16 0l235 193c5 5 13 4 17-1l25-31c4-6 4-13-1-17z\"\/><\/svg><\/label><label><input aria-label=\"3\" type=\"radio\" name=\"kc_captcha\" value=\"kc_human\" \/><svg width=\"50\" height=\"50\" aria-hidden=\"true\" role=\"img\" xmlns=\"http:\/\/www.w3.org\/2000\/svg\" viewBox=\"0 0 640 512\"><path fill=\"currentColor\" d=\"M192 384h192c53 0 96-43 96-96h32a128 128 0 000-256H120c-13 0-24 11-24 24v232c0 53 43 96 96 96zM512 96a64 64 0 010 128h-32V96h32zm48 384H48c-47 0-61-64-36-64h584c25 0 11 64-36 64z\"\/><\/svg><\/label>\r\n    <\/span>\r\n    <span style=\"display:none\">\r\n        <input type=\"text\" name=\"kc_honeypot\">\r\n    <\/span><\/span><\/span><br \/>\n<input class=\"wpcf7-form-control wpcf7-submit has-spinner\" type=\"submit\" value=\"Senden\" \/>\n<\/p><div class=\"wpcf7-response-output\" aria-hidden=\"true\"><\/div>\n<\/form>\n<\/div>\n<\/div>\n","protected":false},"excerpt":{"rendered":"<p>Merchandise Ihr k\u00f6nnt KVLTISTEN-Kleidung vorbestellen. Diese Aktion l\u00e4uft bis zum 28. April. Wir gehen aktuell von einer Auslieferung Mitte Mai aus. Wir halten Euch da [&hellip;]<\/p>\n","protected":false},"author":1,"featured_media":0,"parent":0,"menu_order":0,"comment_status":"closed","ping_status":"closed","template":"","meta":{"footnotes":""},"class_list":["post-386","page","type-page","status-publish","hentry"],"translation":{"provider":"WPGlobus","version":"3.0.0","language":"de","enabled_languages":["en","de"],"languages":{"en":{"title":true,"content":true,"excerpt":false},"de":{"title":true,"content":true,"excerpt":false}}},"_links":{"self":[{"href":"https:\/\/www.angstkvlt.org\/de\/wp-json\/wp\/v2\/pages\/386","targetHints":{"allow":["GET"]}}],"collection":[{"href":"https:\/\/www.angstkvlt.org\/de\/wp-json\/wp\/v2\/pages"}],"about":[{"href":"https:\/\/www.angstkvlt.org\/de\/wp-json\/wp\/v2\/types\/page"}],"author":[{"embeddable":true,"href":"https:\/\/www.angstkvlt.org\/de\/wp-json\/wp\/v2\/users\/1"}],"replies":[{"embeddable":true,"href":"https:\/\/www.angstkvlt.org\/de\/wp-json\/wp\/v2\/comments?post=386"}],"version-history":[{"count":28,"href":"https:\/\/www.angstkvlt.org\/de\/wp-json\/wp\/v2\/pages\/386\/revisions"}],"predecessor-version":[{"id":456,"href":"https:\/\/www.angstkvlt.org\/de\/wp-json\/wp\/v2\/pages\/386\/revisions\/456"}],"wp:attachment":[{"href":"https:\/\/www.angstkvlt.org\/de\/wp-json\/wp\/v2\/media?parent=386"}],"curies":[{"name":"wp","href":"https:\/\/api.w.org\/{rel}","templated":true}]}}